{"id":4571,"date":"2025-08-11T10:35:10","date_gmt":"2025-08-11T10:35:10","guid":{"rendered":"https:\/\/canamarce.com\/impressum\/"},"modified":"2025-08-21T11:55:17","modified_gmt":"2025-08-21T11:55:17","slug":"impressum","status":"publish","type":"page","link":"https:\/\/canamarce.com\/de\/impressum\/","title":{"rendered":"Impressum"},"content":{"rendered":"\t\t<div data-elementor-type=\"wp-page\" data-elementor-id=\"4571\" class=\"elementor elementor-4571 elementor-4209\" data-elementor-post-type=\"page\">\n\t\t\t\t<div class=\"elementor-element elementor-element-db3772d e-flex e-con-boxed e-con e-parent\" data-id=\"db3772d\" data-element_type=\"container\" data-e-type=\"container\">\n\t\t\t\t\t<div class=\"e-con-inner\">\n\t\t\t\t<div class=\"elementor-element elementor-element-d7b7ca7 elementor-widget elementor-widget-heading\" data-id=\"d7b7ca7\" data-element_type=\"widget\" data-e-type=\"widget\" data-widget_type=\"heading.default\">\n\t\t\t\t\t<h1 class=\"elementor-heading-title elementor-size-default\">Rechtliche Hinweise und Haftungsausschluss<\/h1>\t\t\t\t<\/div>\n\t\t\t\t<div class=\"elementor-element elementor-element-374e8c7 elementor-widget elementor-widget-text-editor\" data-id=\"374e8c7\" data-element_type=\"widget\" data-e-type=\"widget\" data-widget_type=\"text-editor.default\">\n\t\t\t\t\t\t\t\t\t<p><span style=\"text-decoration: underline;\">Informationen zu Inhalten<\/span><\/p><p>Die Informationen, die wir auf dieser Website anbieten, basieren auf den von Miguelangelo RAC &amp; Group S.L. bereitgestellten Daten. Wir k\u00f6nnen die Richtigkeit oder Vollst\u00e4ndigkeit dieser Informationen nicht garantieren; es k\u00f6nnen Fehler oder Auslassungen vorhanden sein. Die angegebenen Preise enthalten keine zus\u00e4tzlichen Kosten wie Notar, Grundbuchamt, Bearbeitungsgeb\u00fchren oder Eigentums\u00fcbertragung. Gem\u00e4\u00df den spanischen Vorschriften tr\u00e4gt der Verk\u00e4ufer die Agenturgeb\u00fchren, falls vorhanden.<\/p><p><span style=\"text-decoration: underline;\">Online-Inhalte<\/span><\/p><p>Miguelangelo RAC &amp; Group S.L. (CIF B-07.881.170) mit Sitz in Puerto Alcudia \u00fcbernimmt keinerlei Verantwortung f\u00fcr die Aktualit\u00e4t, Richtigkeit, Vollst\u00e4ndigkeit oder Qualit\u00e4t der auf dieser Website ver\u00f6ffentlichten Inhalte. Jegliche Haftung f\u00fcr materielle oder immaterielle Sch\u00e4den, die aus der Nutzung oder Nichtnutzung der angebotenen Informationen entstehen, ist ausgeschlossen, au\u00dfer in F\u00e4llen grober Fahrl\u00e4ssigkeit oder Vorsatz seitens des Unternehmens. Alle Angebote sind freibleibend und k\u00f6nnen ohne vorherige Ank\u00fcndigung ge\u00e4ndert werden.<\/p><p><span style=\"text-decoration: underline;\">Links zu externen Seiten<\/span><\/p><p>Diese Website kann Links zu externen Seiten enthalten. Wir \u00fcbernehmen keine Verantwortung f\u00fcr die Inhalte dieser Seiten, da diese au\u00dferhalb unserer Kontrolle liegen. Zum Zeitpunkt der Linkerstellung wurden keine illegalen Inhalte auf den verlinkten Seiten festgestellt. Wir \u00fcberwachen jedoch nicht kontinuierlich die externen Seiten, weshalb wir uns ausdr\u00fccklich von allen sp\u00e4ter ge\u00e4nderten Inhalten distanzieren. Die Verantwortung f\u00fcr illegale, fehlerhafte oder unvollst\u00e4ndige Inhalte liegt ausschlie\u00dflich beim Betreiber der jeweiligen Seite.<\/p><p><span style=\"text-decoration: underline;\">Urheberrechte und Marken<\/span><\/p><p>Alle Inhalte dieser Website (Texte, Bilder, Videos, Audios und grafische Elemente) sind urheberrechtlich gesch\u00fctzt. Ihre Vervielf\u00e4ltigung, Verbreitung oder kommerzielle Nutzung ist ohne die vorherige schriftliche Zustimmung von Miguelangelo RAC &amp; Group S.L. untersagt. Die Urheberrechte Dritter werden respektiert, und wir bem\u00fchen uns, ausschlie\u00dflich eigene oder rechtefreie Inhalte zu verwenden.<\/p><p><span style=\"text-decoration: underline;\">Datenschutz<\/span><\/p><p>Die Nutzung dieser Website ist ohne Angabe pers\u00f6nlicher Daten m\u00f6glich. Wenn Daten wie Namen, Adressen oder E-Mail-Adressen abgefragt werden, erfolgt die Angabe stets freiwillig. Die erhobenen Daten werden gem\u00e4\u00df den geltenden Datenschutzbestimmungen behandelt und nicht ohne vorherige Zustimmung an Dritte weitergegeben. Die Nutzung der auf dieser Website ver\u00f6ffentlichten Kontaktdaten f\u00fcr die Zusendung unerw\u00fcnschter Werbung ist ausdr\u00fccklich untersagt. Wir behalten uns das Recht vor, im Falle des Versands von Spam rechtliche Schritte einzuleiten.<\/p><p><span style=\"text-decoration: underline;\">Rechtliche Hinweise<\/span><\/p><p>Alle Rechte an den Texten, Bildern und Videos dieser Website liegen bei Miguelangelo RAC &amp; Group S.L. und sind durch die geltenden Gesetze zum geistigen Eigentum gesch\u00fctzt. Die Seite wurde mit gr\u00f6\u00dfter Sorgfalt erstellt, aber es wird keine Garantie f\u00fcr die vollst\u00e4ndige Richtigkeit ihres Inhalts \u00fcbernommen. Es wird keine Haftung f\u00fcr direkte oder indirekte Sch\u00e4den \u00fcbernommen, die aus der Nutzung dieser Website entstehen.<\/p><p>Die Nutzung dieser Seite begr\u00fcndet keine vertragliche Beziehung zwischen dem Nutzer und Miguelangelo RAC &amp; Group S.L. Wir behalten uns das Recht vor, die Inhalte, das Design oder die Dienstleistungen der Website jederzeit und ohne vorherige Ank\u00fcndigung zu \u00e4ndern.<\/p>\t\t\t\t\t\t\t\t<\/div>\n\t\t\t\t\t<\/div>\n\t\t\t\t<\/div>\n\t\t\t\t<\/div>\n\t\t","protected":false},"excerpt":{"rendered":"<p>Rechtliche Hinweise und Haftungsausschluss Informationen zu Inhalten Die Informationen, die wir auf dieser Website anbieten, basieren auf den von Miguelangelo RAC &amp; Group S.L. bereitgestellten Daten. Wir k\u00f6nnen die Richtigkeit oder Vollst\u00e4ndigkeit dieser Informationen nicht garantieren; es k\u00f6nnen Fehler oder Auslassungen vorhanden sein. Die angegebenen Preise enthalten keine zus\u00e4tzlichen Kosten wie Notar, Grundbuchamt, Bearbeitungsgeb\u00fchren oder [&hellip;]<\/p>\n","protected":false},"author":1,"featured_media":0,"parent":0,"menu_order":0,"comment_status":"closed","ping_status":"closed","template":"","meta":{"footnotes":""},"class_list":["post-4571","page","type-page","status-publish","hentry"],"yoast_head":"<!-- This site is optimized with the Yoast SEO plugin v27.4 - https:\/\/yoast.com\/product\/yoast-seo-wordpress\/ -->\n<title>Impressum - Ca Na Marc\u00e8<\/title>\n<meta name=\"robots\" content=\"noindex, follow\" \/>\n<meta property=\"og:locale\" content=\"de_DE\" \/>\n<meta property=\"og:type\" content=\"article\" \/>\n<meta property=\"og:title\" content=\"Impressum - Ca Na Marc\u00e8\" \/>\n<meta property=\"og:description\" content=\"Rechtliche Hinweise und Haftungsausschluss Informationen zu Inhalten Die Informationen, die wir auf dieser Website anbieten, basieren auf den von Miguelangelo RAC &amp; Group S.L. bereitgestellten Daten. Wir k\u00f6nnen die Richtigkeit oder Vollst\u00e4ndigkeit dieser Informationen nicht garantieren; es k\u00f6nnen Fehler oder Auslassungen vorhanden sein. Die angegebenen Preise enthalten keine zus\u00e4tzlichen Kosten wie Notar, Grundbuchamt, Bearbeitungsgeb\u00fchren oder [&hellip;]\" \/>\n<meta property=\"og:url\" content=\"https:\/\/canamarce.com\/de\/impressum\/\" \/>\n<meta property=\"og:site_name\" content=\"Ca Na Marc\u00e8\" \/>\n<meta property=\"article:publisher\" content=\"https:\/\/www.facebook.com\/Ca-Na-Marc-105150035846166\" \/>\n<meta property=\"article:modified_time\" content=\"2025-08-21T11:55:17+00:00\" \/>\n<meta name=\"twitter:card\" content=\"summary_large_image\" \/>\n<meta name=\"twitter:label1\" content=\"Gesch\u00e4tzte Lesezeit\" \/>\n\t<meta name=\"twitter:data1\" content=\"2\u00a0Minuten\" \/>\n<script type=\"application\/ld+json\" class=\"yoast-schema-graph\">{\"@context\":\"https:\\\/\\\/schema.org\",\"@graph\":[{\"@type\":\"WebPage\",\"@id\":\"https:\\\/\\\/canamarce.com\\\/de\\\/impressum\\\/\",\"url\":\"https:\\\/\\\/canamarce.com\\\/de\\\/impressum\\\/\",\"name\":\"Impressum - Ca Na Marc\u00e8\",\"isPartOf\":{\"@id\":\"https:\\\/\\\/canamarce.com\\\/de\\\/#website\"},\"datePublished\":\"2025-08-11T10:35:10+00:00\",\"dateModified\":\"2025-08-21T11:55:17+00:00\",\"breadcrumb\":{\"@id\":\"https:\\\/\\\/canamarce.com\\\/de\\\/impressum\\\/#breadcrumb\"},\"inLanguage\":\"de\",\"potentialAction\":[{\"@type\":\"ReadAction\",\"target\":[\"https:\\\/\\\/canamarce.com\\\/de\\\/impressum\\\/\"]}]},{\"@type\":\"BreadcrumbList\",\"@id\":\"https:\\\/\\\/canamarce.com\\\/de\\\/impressum\\\/#breadcrumb\",\"itemListElement\":[{\"@type\":\"ListItem\",\"position\":1,\"name\":\"Portada\",\"item\":\"https:\\\/\\\/canamarce.com\\\/de\\\/\"},{\"@type\":\"ListItem\",\"position\":2,\"name\":\"Impressum\"}]},{\"@type\":\"WebSite\",\"@id\":\"https:\\\/\\\/canamarce.com\\\/de\\\/#website\",\"url\":\"https:\\\/\\\/canamarce.com\\\/de\\\/\",\"name\":\"Ca Na Marc\u00e8\",\"description\":\"\",\"publisher\":{\"@id\":\"https:\\\/\\\/canamarce.com\\\/de\\\/#organization\"},\"potentialAction\":[{\"@type\":\"SearchAction\",\"target\":{\"@type\":\"EntryPoint\",\"urlTemplate\":\"https:\\\/\\\/canamarce.com\\\/de\\\/?s={search_term_string}\"},\"query-input\":{\"@type\":\"PropertyValueSpecification\",\"valueRequired\":true,\"valueName\":\"search_term_string\"}}],\"inLanguage\":\"de\"},{\"@type\":\"Organization\",\"@id\":\"https:\\\/\\\/canamarce.com\\\/de\\\/#organization\",\"name\":\"Ca Na Marc\u00e8\",\"url\":\"https:\\\/\\\/canamarce.com\\\/de\\\/\",\"logo\":{\"@type\":\"ImageObject\",\"inLanguage\":\"de\",\"@id\":\"https:\\\/\\\/canamarce.com\\\/de\\\/#\\\/schema\\\/logo\\\/image\\\/\",\"url\":\"https:\\\/\\\/canamarce.com\\\/wp-content\\\/uploads\\\/2023\\\/02\\\/CANAMARCE-SEPARADORES-TOLDOS.png\",\"contentUrl\":\"https:\\\/\\\/canamarce.com\\\/wp-content\\\/uploads\\\/2023\\\/02\\\/CANAMARCE-SEPARADORES-TOLDOS.png\",\"width\":2947,\"height\":1155,\"caption\":\"Ca Na Marc\u00e8\"},\"image\":{\"@id\":\"https:\\\/\\\/canamarce.com\\\/de\\\/#\\\/schema\\\/logo\\\/image\\\/\"},\"sameAs\":[\"https:\\\/\\\/www.facebook.com\\\/Ca-Na-Marc-105150035846166\",\"https:\\\/\\\/www.instagram.com\\\/cana_marce\\\/\"]}]}<\/script>\n<!-- \/ Yoast SEO plugin. -->","yoast_head_json":{"title":"Impressum - Ca Na Marc\u00e8","robots":{"index":"noindex","follow":"follow"},"og_locale":"de_DE","og_type":"article","og_title":"Impressum - Ca Na Marc\u00e8","og_description":"Rechtliche Hinweise und Haftungsausschluss Informationen zu Inhalten Die Informationen, die wir auf dieser Website anbieten, basieren auf den von Miguelangelo RAC &amp; Group S.L. bereitgestellten Daten. Wir k\u00f6nnen die Richtigkeit oder Vollst\u00e4ndigkeit dieser Informationen nicht garantieren; es k\u00f6nnen Fehler oder Auslassungen vorhanden sein. Die angegebenen Preise enthalten keine zus\u00e4tzlichen Kosten wie Notar, Grundbuchamt, Bearbeitungsgeb\u00fchren oder [&hellip;]","og_url":"https:\/\/canamarce.com\/de\/impressum\/","og_site_name":"Ca Na Marc\u00e8","article_publisher":"https:\/\/www.facebook.com\/Ca-Na-Marc-105150035846166","article_modified_time":"2025-08-21T11:55:17+00:00","twitter_card":"summary_large_image","twitter_misc":{"Gesch\u00e4tzte Lesezeit":"2\u00a0Minuten"},"schema":{"@context":"https:\/\/schema.org","@graph":[{"@type":"WebPage","@id":"https:\/\/canamarce.com\/de\/impressum\/","url":"https:\/\/canamarce.com\/de\/impressum\/","name":"Impressum - Ca Na Marc\u00e8","isPartOf":{"@id":"https:\/\/canamarce.com\/de\/#website"},"datePublished":"2025-08-11T10:35:10+00:00","dateModified":"2025-08-21T11:55:17+00:00","breadcrumb":{"@id":"https:\/\/canamarce.com\/de\/impressum\/#breadcrumb"},"inLanguage":"de","potentialAction":[{"@type":"ReadAction","target":["https:\/\/canamarce.com\/de\/impressum\/"]}]},{"@type":"BreadcrumbList","@id":"https:\/\/canamarce.com\/de\/impressum\/#breadcrumb","itemListElement":[{"@type":"ListItem","position":1,"name":"Portada","item":"https:\/\/canamarce.com\/de\/"},{"@type":"ListItem","position":2,"name":"Impressum"}]},{"@type":"WebSite","@id":"https:\/\/canamarce.com\/de\/#website","url":"https:\/\/canamarce.com\/de\/","name":"Ca Na Marc\u00e8","description":"","publisher":{"@id":"https:\/\/canamarce.com\/de\/#organization"},"potentialAction":[{"@type":"SearchAction","target":{"@type":"EntryPoint","urlTemplate":"https:\/\/canamarce.com\/de\/?s={search_term_string}"},"query-input":{"@type":"PropertyValueSpecification","valueRequired":true,"valueName":"search_term_string"}}],"inLanguage":"de"},{"@type":"Organization","@id":"https:\/\/canamarce.com\/de\/#organization","name":"Ca Na Marc\u00e8","url":"https:\/\/canamarce.com\/de\/","logo":{"@type":"ImageObject","inLanguage":"de","@id":"https:\/\/canamarce.com\/de\/#\/schema\/logo\/image\/","url":"https:\/\/canamarce.com\/wp-content\/uploads\/2023\/02\/CANAMARCE-SEPARADORES-TOLDOS.png","contentUrl":"https:\/\/canamarce.com\/wp-content\/uploads\/2023\/02\/CANAMARCE-SEPARADORES-TOLDOS.png","width":2947,"height":1155,"caption":"Ca Na Marc\u00e8"},"image":{"@id":"https:\/\/canamarce.com\/de\/#\/schema\/logo\/image\/"},"sameAs":["https:\/\/www.facebook.com\/Ca-Na-Marc-105150035846166","https:\/\/www.instagram.com\/cana_marce\/"]}]}},"_links":{"self":[{"href":"https:\/\/canamarce.com\/de\/wp-json\/wp\/v2\/pages\/4571","targetHints":{"allow":["GET"]}}],"collection":[{"href":"https:\/\/canamarce.com\/de\/wp-json\/wp\/v2\/pages"}],"about":[{"href":"https:\/\/canamarce.com\/de\/wp-json\/wp\/v2\/types\/page"}],"author":[{"embeddable":true,"href":"https:\/\/canamarce.com\/de\/wp-json\/wp\/v2\/users\/1"}],"replies":[{"embeddable":true,"href":"https:\/\/canamarce.com\/de\/wp-json\/wp\/v2\/comments?post=4571"}],"version-history":[{"count":1,"href":"https:\/\/canamarce.com\/de\/wp-json\/wp\/v2\/pages\/4571\/revisions"}],"predecessor-version":[{"id":4572,"href":"https:\/\/canamarce.com\/de\/wp-json\/wp\/v2\/pages\/4571\/revisions\/4572"}],"wp:attachment":[{"href":"https:\/\/canamarce.com\/de\/wp-json\/wp\/v2\/media?parent=4571"}],"curies":[{"name":"wp","href":"https:\/\/api.w.org\/{rel}","templated":true}]}}