{"id":6075,"date":"2026-03-23T12:17:26","date_gmt":"2026-03-23T12:17:26","guid":{"rendered":"https:\/\/canamarce.com\/brunch-ca-na-marce-seo\/"},"modified":"2026-04-17T13:37:16","modified_gmt":"2026-04-17T13:37:16","slug":"brunch-ca-na-marce-seo","status":"publish","type":"page","link":"https:\/\/canamarce.com\/de\/brunch-ca-na-marce-seo\/","title":{"rendered":"Brunch Ca Na Marce (SEO)"},"content":{"rendered":"\t\t<div data-elementor-type=\"wp-page\" data-elementor-id=\"6075\" class=\"elementor elementor-6075 elementor-5937\" data-elementor-post-type=\"page\">\n\t\t\t\t<div class=\"elementor-element elementor-element-1dfdaaa e-flex e-con-boxed e-con e-parent\" data-id=\"1dfdaaa\" data-element_type=\"container\" data-e-type=\"container\">\n\t\t\t\t\t<div class=\"e-con-inner\">\n\t\t\t\t<div class=\"elementor-element elementor-element-1028008 elementor-widget elementor-widget-heading\" data-id=\"1028008\" data-element_type=\"widget\" data-e-type=\"widget\" data-widget_type=\"heading.default\">\n\t\t\t\t\t<h1 class=\"elementor-heading-title elementor-size-default\">Brunch im Ca Na Marc\u00e8: der perfekte Plan auf Mallorca<\/h1>\t\t\t\t<\/div>\n\t\t\t\t<div class=\"elementor-element elementor-element-886469d elementor-widget elementor-widget-text-editor\" data-id=\"886469d\" data-element_type=\"widget\" data-e-type=\"widget\" data-widget_type=\"text-editor.default\">\n\t\t\t\t\t\t\t\t\t<p data-start=\"283\" data-end=\"588\">Ein Brunch im Puerto de Alcudia im Ca Na Marc\u00e8 ist weit mehr als nur fr\u00fchst\u00fccken: Es ist, sich einen entspannten Moment ohne Eile direkt am Meer zu g\u00f6nnen. An der Promenade von Puerto de Alcudia bieten wir dir ein Erlebnis, das mediterrane Aromen, regionale Produkte und eine entspannte Atmosph\u00e4re vereint, die dazu einl\u00e4dt, den Morgen zu verl\u00e4ngern. <\/p><p data-start=\"590\" data-end=\"949\">Von einem Spezialit\u00e4tenkaffee oder einem frisch gepressten nat\u00fcrlichen Saft bis hin zu s\u00fc\u00dfen und herzhaften Gerichten, die zum Teilen oder zum Genie\u00dfen in deinem eigenen Tempo gedacht sind \u2013 unser Brunch ist f\u00fcr jeden Moment konzipiert.<br>Pancakes, Toasts, frische Bowls, Eier nach Wunsch und gesunde Optionen verbinden sich mit erfrischenden Getr\u00e4nken und dem besonderen Touch, der die Essenz von Ca Na Marc\u00e8 ausmacht. <\/p><p data-start=\"951\" data-end=\"1038\">Hier erlebt man Brunch wie auf Mallorca: in Ruhe, mit Geschmack und mit Blick auf die Bucht.<\/p>\t\t\t\t\t\t\t\t<\/div>\n\t\t\t\t<div class=\"elementor-element elementor-element-5e2cee5 elementor-align-center elementor-widget elementor-widget-button\" data-id=\"5e2cee5\" data-element_type=\"widget\" data-e-type=\"widget\" data-widget_type=\"button.default\">\n\t\t\t\t\t\t\t\t\t\t<a class=\"elementor-button elementor-button-link elementor-size-sm\" href=\"https:\/\/canamarce.com\/de\/\">\n\t\t\t\t\t\t<span class=\"elementor-button-content-wrapper\">\n\t\t\t\t\t\t\t\t\t<span class=\"elementor-button-text\">Entdecke unsere komplette Speisekarte<\/span>\n\t\t\t\t\t<\/span>\n\t\t\t\t\t<\/a>\n\t\t\t\t\t\t\t\t<\/div>\n\t\t\t\t<div class=\"elementor-element elementor-element-defed1c elementor-align-center elementor-widget elementor-widget-button\" data-id=\"defed1c\" data-element_type=\"widget\" data-e-type=\"widget\" data-widget_type=\"button.default\">\n\t\t\t\t\t\t\t\t\t\t<a class=\"elementor-button elementor-button-link elementor-size-sm\" href=\"https:\/\/www.google.com\/maps\/place\/\/data=!4m2!3m1!1s0x12962de57b0539f7:0xbed913685586109d?sa=X&#038;ved=1t:8290&#038;ictx=111\">\n\t\t\t\t\t\t<span class=\"elementor-button-content-wrapper\">\n\t\t\t\t\t\t\t\t\t<span class=\"elementor-button-text\">So findest du uns<\/span>\n\t\t\t\t\t<\/span>\n\t\t\t\t\t<\/a>\n\t\t\t\t\t\t\t\t<\/div>\n\t\t\t\t\t<\/div>\n\t\t\t\t<\/div>\n\t\t<div class=\"elementor-element elementor-element-b1f42da e-con-full e-flex e-con e-parent\" data-id=\"b1f42da\" data-element_type=\"container\" data-e-type=\"container\" data-settings=\"{&quot;background_background&quot;:&quot;classic&quot;}\">\n\t\t<div class=\"elementor-element elementor-element-e28264b e-con-full e-flex e-con e-child\" data-id=\"e28264b\" data-element_type=\"container\" data-e-type=\"container\" data-settings=\"{&quot;background_background&quot;:&quot;classic&quot;}\">\n\t\t\t\t<div class=\"elementor-element elementor-element-b976caf elementor-widget elementor-widget-heading\" data-id=\"b976caf\" data-element_type=\"widget\" data-e-type=\"widget\" data-widget_type=\"heading.default\">\n\t\t\t\t\t<h2 class=\"elementor-heading-title elementor-size-default\">Starte sanft: Kaffee, Saft und etwas S\u00fc\u00dfes<\/h2>\t\t\t\t<\/div>\n\t\t\t\t<div class=\"elementor-element elementor-element-a173b38 elementor-widget elementor-widget-heading\" data-id=\"a173b38\" data-element_type=\"widget\" data-e-type=\"widget\" data-widget_type=\"heading.default\">\n\t\t\t\t\t<h3 class=\"elementor-heading-title elementor-size-default\">Dein Brunch in aller Ruhe<\/h3>\t\t\t\t<\/div>\n\t\t\t\t<div class=\"elementor-element elementor-element-7f38ef5 elementor-widget elementor-widget-text-editor\" data-id=\"7f38ef5\" data-element_type=\"widget\" data-e-type=\"widget\" data-widget_type=\"text-editor.default\">\n\t\t\t\t\t\t\t\t\t<p data-start=\"375\" data-end=\"576\">Der Brunch im Ca Na Marc\u00e8 beginnt so, wie er sein sollte: ohne Eile und mit gutem Geschmack.<br>Ein frisch zubereiteter Kaffee oder ein nat\u00fcrlicher Saft markieren den Anfang, begleitet von s\u00fc\u00dfen K\u00f6stlichkeiten, die daf\u00fcr gemacht sind, sie mit Blick auf das Meer zu genie\u00dfen. <\/p><p data-start=\"578\" data-end=\"598\"><strong data-start=\"578\" data-end=\"598\">Wir empfehlen dir:<\/strong><\/p><ul><li>\u2615 Pistazien-Latte<br>Cremig, mild und mit dieser leicht ger\u00f6steten Pistaziennote, die ihn einzigartig macht. S\u00fc\u00df, ohne schwer zu sein \u2013 elegant und besonders. <\/li><li>\u2615 Chai Latte<br>Aromatisch und w\u00fcrzig, mit warmen Noten, die jeden Schluck umh\u00fcllen. Perfekt f\u00fcr alle, die etwas Wohltuendes und Besonderes suchen. <\/li><li>\ud83c\udf4a Frisch gepresster Orangensaft<br>Frisch gepresst, erfrischend und voller Leben. Der unverzichtbare Klassiker am Meer. <\/li><li>\ud83c\udf53 French Toast mit roten Fr\u00fcchten (Canamarc\u00e8 Speciality)<br>Goldbraun und saftig, serviert mit frischen roten Fr\u00fcchten, die eine angenehme S\u00e4ure und Frische hinzuf\u00fcgen. Ein perfektes Gleichgewicht zwischen s\u00fc\u00df und leicht. <\/li><li>\ud83e\udd5e S\u00fc\u00dfe Pancakes<br>Locker und zart, mit Banane, roten Fr\u00fcchten, Mandeln und Ahornsirup. Ein Gericht, das dazu einl\u00e4dt, die Zeit zu vergessen. <\/li><\/ul><p data-start=\"772\" data-end=\"830\"> <\/p><p data-start=\"772\" data-end=\"830\"><em data-start=\"775\" data-end=\"830\">Die perfekte Balance zwischen S\u00fc\u00dfe, Energie und Genuss.<\/em><\/p>\t\t\t\t\t\t\t\t<\/div>\n\t\t\t\t<\/div>\n\t\t<div class=\"elementor-element elementor-element-5d3b750 e-con-full e-flex e-con e-child\" data-id=\"5d3b750\" data-element_type=\"container\" data-e-type=\"container\" data-settings=\"{&quot;background_background&quot;:&quot;classic&quot;}\">\n\t\t\t\t<\/div>\n\t\t\t\t<\/div>\n\t\t<div class=\"elementor-element elementor-element-95b1c36 e-con-full e-flex e-con e-parent\" data-id=\"95b1c36\" data-element_type=\"container\" data-e-type=\"container\" data-settings=\"{&quot;background_background&quot;:&quot;classic&quot;}\">\n\t\t<div class=\"elementor-element elementor-element-a0e15e7 e-con-full e-flex e-con e-child\" data-id=\"a0e15e7\" data-element_type=\"container\" data-e-type=\"container\" data-settings=\"{&quot;background_background&quot;:&quot;classic&quot;}\">\n\t\t\t\t<div class=\"elementor-element elementor-element-8aff9ef elementor-widget elementor-widget-heading\" data-id=\"8aff9ef\" data-element_type=\"widget\" data-e-type=\"widget\" data-widget_type=\"heading.default\">\n\t\t\t\t\t<h2 class=\"elementor-heading-title elementor-size-default\">Der Hauptdarsteller: Eier, Toasts und vollwertige Gerichte<\/h2>\t\t\t\t<\/div>\n\t\t\t\t<div class=\"elementor-element elementor-element-c77da85 elementor-widget elementor-widget-heading\" data-id=\"c77da85\" data-element_type=\"widget\" data-e-type=\"widget\" data-widget_type=\"heading.default\">\n\t\t\t\t\t<h3 class=\"elementor-heading-title elementor-size-default\">Das Herzst\u00fcck des Brunchs<\/h3>\t\t\t\t<\/div>\n\t\t\t\t<div class=\"elementor-element elementor-element-0f887fb elementor-widget elementor-widget-text-editor\" data-id=\"0f887fb\" data-element_type=\"widget\" data-e-type=\"widget\" data-widget_type=\"text-editor.default\">\n\t\t\t\t\t\t\t\t\t<p data-start=\"973\" data-end=\"1135\">Hier wird der Brunch zu einem rundum vollst\u00e4ndigen Erlebnis. Mediterrane Aromen, frische Zutaten und Gerichte, die dazu gemacht sind, sie ohne auf die Uhr zu schauen zu genie\u00dfen. <\/p><p data-start=\"1137\" data-end=\"1170\"><strong data-start=\"1137\" data-end=\"1170\">Im Ca Na Marc\u00e8 kannst du w\u00e4hlen:<\/strong><\/p><ul data-start=\"1171\" data-end=\"1390\"><li data-section-id=\"ow9410\" data-start=\"1171\" data-end=\"1214\">\ud83c\udf73 Eggs Benedict<br>Perfekt cremige pochierte Eier auf ger\u00f6stetem Brot, mit Bacon oder Lachs, \u00fcberzogen mit einer feinen Sauce Hollandaise. Ein Klassiker, der immer \u00fcberzeugt. <\/li><li data-section-id=\"ow9410\" data-start=\"1171\" data-end=\"1214\">\ud83e\udd51 Avocado-Toast mit R\u00e4ucherlachs und pochiertem Ei<br>Knuspriges Brot, Avocado auf den Punkt, R\u00e4ucherlachs und ein Ei, das beim Anschneiden zerl\u00e4uft und alles verbindet. Frisch, s\u00e4ttigend und absolut unwiderstehlich.<br>\ud83c\udf45 Shakshuka<br>Eier, langsam gegart in einer w\u00fcrzigen Tomatensauce mit ger\u00f6stetem Gem\u00fcse. Ein intensives, aromatisches Gericht, perfekt zum Teilen.<br>\ud83e\udd53 R\u00fchrei mit karamellisiertem Bacon<br>Weiches, saftiges R\u00fchrei mit karamellisiertem Bacon, der einen intensiven s\u00fc\u00df-salzigen Kontrast bietet.<br>\ud83e\uddc0 Franz\u00f6sisches Omelett mit geschmolzenem K\u00e4se und Schinken<br>Einfach, aber perfekt: innen cremig, geschmackvoll und begleitet von einem leichten Salat.  <\/li><\/ul><p data-start=\"1392\" data-end=\"1452\"> <\/p><p data-start=\"1392\" data-end=\"1452\"><em data-start=\"1395\" data-end=\"1452\">Geschmackvolle, ausgewogene Gerichte voller Pers\u00f6nlichkeit.<\/em><\/p>\t\t\t\t\t\t\t\t<\/div>\n\t\t\t\t<\/div>\n\t\t<div class=\"elementor-element elementor-element-0fb128a e-con-full e-flex e-con e-child\" data-id=\"0fb128a\" data-element_type=\"container\" data-e-type=\"container\" data-settings=\"{&quot;background_background&quot;:&quot;classic&quot;}\">\n\t\t\t\t<\/div>\n\t\t\t\t<\/div>\n\t\t<div class=\"elementor-element elementor-element-7e954c5 e-con-full e-flex e-con e-parent\" data-id=\"7e954c5\" data-element_type=\"container\" data-e-type=\"container\" data-settings=\"{&quot;background_background&quot;:&quot;classic&quot;}\">\n\t\t<div class=\"elementor-element elementor-element-dead84d e-con-full e-flex e-con e-child\" data-id=\"dead84d\" data-element_type=\"container\" data-e-type=\"container\" data-settings=\"{&quot;background_background&quot;:&quot;classic&quot;}\">\n\t\t\t\t<div class=\"elementor-element elementor-element-cf84692 elementor-widget elementor-widget-heading\" data-id=\"cf84692\" data-element_type=\"widget\" data-e-type=\"widget\" data-widget_type=\"heading.default\">\n\t\t\t\t\t<h2 class=\"elementor-heading-title elementor-size-default\">Der letzte Schliff: ein besonderes Getr\u00e4nk und etwas Frisches<\/h2>\t\t\t\t<\/div>\n\t\t\t\t<div class=\"elementor-element elementor-element-6474f26 elementor-widget elementor-widget-heading\" data-id=\"6474f26\" data-element_type=\"widget\" data-e-type=\"widget\" data-widget_type=\"heading.default\">\n\t\t\t\t\t<h3 class=\"elementor-heading-title elementor-size-default\">Der ultimative Brunch-Moment.<\/h3>\t\t\t\t<\/div>\n\t\t\t\t<div class=\"elementor-element elementor-element-ee26294 elementor-widget elementor-widget-text-editor\" data-id=\"ee26294\" data-element_type=\"widget\" data-e-type=\"widget\" data-widget_type=\"text-editor.default\">\n\t\t\t\t\t\t\t\t\t<p data-start=\"1588\" data-end=\"1692\">Das Ende ist dieser Moment, den man verl\u00e4ngert, ohne es zu merken. Etwas Frisches, etwas Besonderes und die perfekte Atmosph\u00e4re. <\/p><p data-start=\"1694\" data-end=\"1720\"><strong data-start=\"1694\" data-end=\"1720\">Um deinen Brunch abzurunden:<\/strong><\/p><ul data-start=\"1721\" data-end=\"1852\"><li data-section-id=\"p3cmw1\" data-start=\"3042\" data-end=\"3147\">\ud83c\udf53 <strong data-start=\"3047\" data-end=\"3075\">Beeren-Smoothie<\/strong><br data-start=\"3075\" data-end=\"3078\">Erfrischend, fruchtig und voller Farbe. Leicht, aber voller Geschmack. <\/li><li data-section-id=\"1rwbb5q\" data-start=\"3149\" data-end=\"3264\">\ud83e\udd63 <strong data-start=\"3154\" data-end=\"3167\">A\u00e7a\u00ed Bowl<\/strong><br data-start=\"3167\" data-end=\"3170\">Cremig, intensiv und voller Toppings: Obst, Granola, Texturen\u2026 jeder L\u00f6ffel ist anders.<\/li><li data-section-id=\"qu9vl9\" data-start=\"3266\" data-end=\"3406\">\ud83c\udf6f <strong data-start=\"3271\" data-end=\"3303\">Joghurt-Bowl mit frischem Obst<\/strong><br data-start=\"3303\" data-end=\"3306\">Ausgewogen und nat\u00fcrlich, mit genau der richtigen S\u00fc\u00dfe und einer cremigen Textur \u2013 perfekt zum Abschluss.<\/li><li data-section-id=\"lhv2lt\" data-start=\"3408\" data-end=\"3537\">\ud83e\udd42 Wermut oder Cocktail<br data-start=\"3432\" data-end=\"3435\">Der geselligste Teil des Brunchs. Perfekt zum Ansto\u00dfen, um das Gespr\u00e4ch zu verl\u00e4ngern und den Moment zu genie\u00dfen. <\/li><\/ul><p data-start=\"1854\" data-end=\"1933\"> <\/p><p data-start=\"1854\" data-end=\"1933\"><em data-start=\"1857\" data-end=\"1933\">Weil im Ca Na Marc\u00e8 der Brunch nicht endet\u2026 sondern bis zum letzten Moment genossen wird.<\/em><\/p>\t\t\t\t\t\t\t\t<\/div>\n\t\t\t\t<\/div>\n\t\t<div class=\"elementor-element elementor-element-4716383 e-con-full e-flex e-con e-child\" data-id=\"4716383\" data-element_type=\"container\" data-e-type=\"container\" data-settings=\"{&quot;background_background&quot;:&quot;classic&quot;}\">\n\t\t\t\t<\/div>\n\t\t\t\t<\/div>\n\t\t\t\t<\/div>\n\t\t","protected":false},"excerpt":{"rendered":"<p>Brunch im Ca Na Marc\u00e8: der perfekte Plan auf Mallorca Ein Brunch im Puerto de Alcudia im Ca Na Marc\u00e8 ist weit mehr als nur fr\u00fchst\u00fccken: Es ist, sich einen entspannten Moment ohne Eile direkt am Meer zu g\u00f6nnen. An der Promenade von Puerto de Alcudia bieten wir dir ein Erlebnis, das mediterrane Aromen, regionale [&hellip;]<\/p>\n","protected":false},"author":1,"featured_media":0,"parent":0,"menu_order":0,"comment_status":"closed","ping_status":"closed","template":"","meta":{"footnotes":""},"class_list":["post-6075","page","type-page","status-publish","hentry"],"yoast_head":"<!-- This site is optimized with the Yoast SEO plugin v27.4 - https:\/\/yoast.com\/product\/yoast-seo-wordpress\/ -->\n<title>Bester Brunch in Puerto Alcudia | Ca Na Marc\u00e8<\/title>\n<meta name=\"description\" content=\"Genie\u00dfe den besten Brunch in Puerto Alcudia im Ca Na Marc\u00e8. Hausgemachte Optionen, Spezialit\u00e4tenkaffee und eine gem\u00fctliche Atmosph\u00e4re. Reserviere deinen Tisch!\" \/>\n<meta name=\"robots\" content=\"index, follow, max-snippet:-1, max-image-preview:large, max-video-preview:-1\" \/>\n<link rel=\"canonical\" href=\"https:\/\/canamarce.com\/de\/brunch-ca-na-marce-seo\/\" \/>\n<meta property=\"og:locale\" content=\"de_DE\" \/>\n<meta property=\"og:type\" content=\"article\" \/>\n<meta property=\"og:title\" content=\"Bester Brunch in Puerto Alcudia | Ca Na Marc\u00e8\" \/>\n<meta property=\"og:description\" content=\"Genie\u00dfe den besten Brunch in Puerto Alcudia im Ca Na Marc\u00e8. Hausgemachte Optionen, Spezialit\u00e4tenkaffee und eine gem\u00fctliche Atmosph\u00e4re. Reserviere deinen Tisch!\" \/>\n<meta property=\"og:url\" content=\"https:\/\/canamarce.com\/de\/brunch-ca-na-marce-seo\/\" \/>\n<meta property=\"og:site_name\" content=\"Ca Na Marc\u00e8\" \/>\n<meta property=\"article:publisher\" content=\"https:\/\/www.facebook.com\/Ca-Na-Marc-105150035846166\" \/>\n<meta property=\"article:modified_time\" content=\"2026-04-17T13:37:16+00:00\" \/>\n<meta name=\"twitter:card\" content=\"summary_large_image\" \/>\n<meta name=\"twitter:label1\" content=\"Gesch\u00e4tzte Lesezeit\" \/>\n\t<meta name=\"twitter:data1\" content=\"3\u00a0Minuten\" \/>\n<script type=\"application\/ld+json\" class=\"yoast-schema-graph\">{\"@context\":\"https:\\\/\\\/schema.org\",\"@graph\":[{\"@type\":\"WebPage\",\"@id\":\"https:\\\/\\\/canamarce.com\\\/de\\\/brunch-ca-na-marce-seo\\\/\",\"url\":\"https:\\\/\\\/canamarce.com\\\/de\\\/brunch-ca-na-marce-seo\\\/\",\"name\":\"Bester Brunch in Puerto Alcudia | Ca Na Marc\u00e8\",\"isPartOf\":{\"@id\":\"https:\\\/\\\/canamarce.com\\\/de\\\/#website\"},\"datePublished\":\"2026-03-23T12:17:26+00:00\",\"dateModified\":\"2026-04-17T13:37:16+00:00\",\"description\":\"Genie\u00dfe den besten Brunch in Puerto Alcudia im Ca Na Marc\u00e8. Hausgemachte Optionen, Spezialit\u00e4tenkaffee und eine gem\u00fctliche Atmosph\u00e4re. Reserviere deinen Tisch!\",\"breadcrumb\":{\"@id\":\"https:\\\/\\\/canamarce.com\\\/de\\\/brunch-ca-na-marce-seo\\\/#breadcrumb\"},\"inLanguage\":\"de\",\"potentialAction\":[{\"@type\":\"ReadAction\",\"target\":[\"https:\\\/\\\/canamarce.com\\\/de\\\/brunch-ca-na-marce-seo\\\/\"]}]},{\"@type\":\"BreadcrumbList\",\"@id\":\"https:\\\/\\\/canamarce.com\\\/de\\\/brunch-ca-na-marce-seo\\\/#breadcrumb\",\"itemListElement\":[{\"@type\":\"ListItem\",\"position\":1,\"name\":\"Portada\",\"item\":\"https:\\\/\\\/canamarce.com\\\/de\\\/\"},{\"@type\":\"ListItem\",\"position\":2,\"name\":\"Brunch Ca Na Marce (SEO)\"}]},{\"@type\":\"WebSite\",\"@id\":\"https:\\\/\\\/canamarce.com\\\/de\\\/#website\",\"url\":\"https:\\\/\\\/canamarce.com\\\/de\\\/\",\"name\":\"Ca Na Marc\u00e8\",\"description\":\"\",\"publisher\":{\"@id\":\"https:\\\/\\\/canamarce.com\\\/de\\\/#organization\"},\"potentialAction\":[{\"@type\":\"SearchAction\",\"target\":{\"@type\":\"EntryPoint\",\"urlTemplate\":\"https:\\\/\\\/canamarce.com\\\/de\\\/?s={search_term_string}\"},\"query-input\":{\"@type\":\"PropertyValueSpecification\",\"valueRequired\":true,\"valueName\":\"search_term_string\"}}],\"inLanguage\":\"de\"},{\"@type\":\"Organization\",\"@id\":\"https:\\\/\\\/canamarce.com\\\/de\\\/#organization\",\"name\":\"Ca Na Marc\u00e8\",\"url\":\"https:\\\/\\\/canamarce.com\\\/de\\\/\",\"logo\":{\"@type\":\"ImageObject\",\"inLanguage\":\"de\",\"@id\":\"https:\\\/\\\/canamarce.com\\\/de\\\/#\\\/schema\\\/logo\\\/image\\\/\",\"url\":\"https:\\\/\\\/canamarce.com\\\/wp-content\\\/uploads\\\/2023\\\/02\\\/CANAMARCE-SEPARADORES-TOLDOS.png\",\"contentUrl\":\"https:\\\/\\\/canamarce.com\\\/wp-content\\\/uploads\\\/2023\\\/02\\\/CANAMARCE-SEPARADORES-TOLDOS.png\",\"width\":2947,\"height\":1155,\"caption\":\"Ca Na Marc\u00e8\"},\"image\":{\"@id\":\"https:\\\/\\\/canamarce.com\\\/de\\\/#\\\/schema\\\/logo\\\/image\\\/\"},\"sameAs\":[\"https:\\\/\\\/www.facebook.com\\\/Ca-Na-Marc-105150035846166\",\"https:\\\/\\\/www.instagram.com\\\/cana_marce\\\/\"]}]}<\/script>\n<!-- \/ Yoast SEO plugin. -->","yoast_head_json":{"title":"Bester Brunch in Puerto Alcudia | Ca Na Marc\u00e8","description":"Genie\u00dfe den besten Brunch in Puerto Alcudia im Ca Na Marc\u00e8. Hausgemachte Optionen, Spezialit\u00e4tenkaffee und eine gem\u00fctliche Atmosph\u00e4re. Reserviere deinen Tisch!","robots":{"index":"index","follow":"follow","max-snippet":"max-snippet:-1","max-image-preview":"max-image-preview:large","max-video-preview":"max-video-preview:-1"},"canonical":"https:\/\/canamarce.com\/de\/brunch-ca-na-marce-seo\/","og_locale":"de_DE","og_type":"article","og_title":"Bester Brunch in Puerto Alcudia | Ca Na Marc\u00e8","og_description":"Genie\u00dfe den besten Brunch in Puerto Alcudia im Ca Na Marc\u00e8. Hausgemachte Optionen, Spezialit\u00e4tenkaffee und eine gem\u00fctliche Atmosph\u00e4re. Reserviere deinen Tisch!","og_url":"https:\/\/canamarce.com\/de\/brunch-ca-na-marce-seo\/","og_site_name":"Ca Na Marc\u00e8","article_publisher":"https:\/\/www.facebook.com\/Ca-Na-Marc-105150035846166","article_modified_time":"2026-04-17T13:37:16+00:00","twitter_card":"summary_large_image","twitter_misc":{"Gesch\u00e4tzte Lesezeit":"3\u00a0Minuten"},"schema":{"@context":"https:\/\/schema.org","@graph":[{"@type":"WebPage","@id":"https:\/\/canamarce.com\/de\/brunch-ca-na-marce-seo\/","url":"https:\/\/canamarce.com\/de\/brunch-ca-na-marce-seo\/","name":"Bester Brunch in Puerto Alcudia | Ca Na Marc\u00e8","isPartOf":{"@id":"https:\/\/canamarce.com\/de\/#website"},"datePublished":"2026-03-23T12:17:26+00:00","dateModified":"2026-04-17T13:37:16+00:00","description":"Genie\u00dfe den besten Brunch in Puerto Alcudia im Ca Na Marc\u00e8. Hausgemachte Optionen, Spezialit\u00e4tenkaffee und eine gem\u00fctliche Atmosph\u00e4re. Reserviere deinen Tisch!","breadcrumb":{"@id":"https:\/\/canamarce.com\/de\/brunch-ca-na-marce-seo\/#breadcrumb"},"inLanguage":"de","potentialAction":[{"@type":"ReadAction","target":["https:\/\/canamarce.com\/de\/brunch-ca-na-marce-seo\/"]}]},{"@type":"BreadcrumbList","@id":"https:\/\/canamarce.com\/de\/brunch-ca-na-marce-seo\/#breadcrumb","itemListElement":[{"@type":"ListItem","position":1,"name":"Portada","item":"https:\/\/canamarce.com\/de\/"},{"@type":"ListItem","position":2,"name":"Brunch Ca Na Marce (SEO)"}]},{"@type":"WebSite","@id":"https:\/\/canamarce.com\/de\/#website","url":"https:\/\/canamarce.com\/de\/","name":"Ca Na Marc\u00e8","description":"","publisher":{"@id":"https:\/\/canamarce.com\/de\/#organization"},"potentialAction":[{"@type":"SearchAction","target":{"@type":"EntryPoint","urlTemplate":"https:\/\/canamarce.com\/de\/?s={search_term_string}"},"query-input":{"@type":"PropertyValueSpecification","valueRequired":true,"valueName":"search_term_string"}}],"inLanguage":"de"},{"@type":"Organization","@id":"https:\/\/canamarce.com\/de\/#organization","name":"Ca Na Marc\u00e8","url":"https:\/\/canamarce.com\/de\/","logo":{"@type":"ImageObject","inLanguage":"de","@id":"https:\/\/canamarce.com\/de\/#\/schema\/logo\/image\/","url":"https:\/\/canamarce.com\/wp-content\/uploads\/2023\/02\/CANAMARCE-SEPARADORES-TOLDOS.png","contentUrl":"https:\/\/canamarce.com\/wp-content\/uploads\/2023\/02\/CANAMARCE-SEPARADORES-TOLDOS.png","width":2947,"height":1155,"caption":"Ca Na Marc\u00e8"},"image":{"@id":"https:\/\/canamarce.com\/de\/#\/schema\/logo\/image\/"},"sameAs":["https:\/\/www.facebook.com\/Ca-Na-Marc-105150035846166","https:\/\/www.instagram.com\/cana_marce\/"]}]}},"_links":{"self":[{"href":"https:\/\/canamarce.com\/de\/wp-json\/wp\/v2\/pages\/6075","targetHints":{"allow":["GET"]}}],"collection":[{"href":"https:\/\/canamarce.com\/de\/wp-json\/wp\/v2\/pages"}],"about":[{"href":"https:\/\/canamarce.com\/de\/wp-json\/wp\/v2\/types\/page"}],"author":[{"embeddable":true,"href":"https:\/\/canamarce.com\/de\/wp-json\/wp\/v2\/users\/1"}],"replies":[{"embeddable":true,"href":"https:\/\/canamarce.com\/de\/wp-json\/wp\/v2\/comments?post=6075"}],"version-history":[{"count":2,"href":"https:\/\/canamarce.com\/de\/wp-json\/wp\/v2\/pages\/6075\/revisions"}],"predecessor-version":[{"id":6081,"href":"https:\/\/canamarce.com\/de\/wp-json\/wp\/v2\/pages\/6075\/revisions\/6081"}],"wp:attachment":[{"href":"https:\/\/canamarce.com\/de\/wp-json\/wp\/v2\/media?parent=6075"}],"curies":[{"name":"wp","href":"https:\/\/api.w.org\/{rel}","templated":true}]}}