{"id":4599,"date":"2025-08-04T14:23:11","date_gmt":"2025-08-04T14:23:11","guid":{"rendered":"https:\/\/canamarce.com\/work-with-us\/"},"modified":"2025-08-21T12:45:08","modified_gmt":"2025-08-21T12:45:08","slug":"work-with-us","status":"publish","type":"page","link":"https:\/\/canamarce.com\/en\/work-with-us\/","title":{"rendered":"Work with Us"},"content":{"rendered":"\t\t<div data-elementor-type=\"wp-page\" data-elementor-id=\"4599\" class=\"elementor elementor-4599 elementor-2263\" data-elementor-post-type=\"page\">\n\t\t\t\t<div class=\"elementor-element elementor-element-13fb67ae e-con-full e-flex e-con e-parent\" data-id=\"13fb67ae\" data-element_type=\"container\" data-e-type=\"container\" data-settings=\"{&quot;background_background&quot;:&quot;classic&quot;}\">\n\t\t<div class=\"elementor-element elementor-element-473f0dd0 e-con-full e-flex e-con e-child\" data-id=\"473f0dd0\" data-element_type=\"container\" data-e-type=\"container\">\n\t\t\t\t<\/div>\n\t\t\t\t<\/div>\n\t\t<div class=\"elementor-element elementor-element-74bbca0d e-flex e-con-boxed e-con e-parent\" data-id=\"74bbca0d\" data-element_type=\"container\" data-e-type=\"container\">\n\t\t\t\t\t<div class=\"e-con-inner\">\n\t\t\t\t<div class=\"elementor-element elementor-element-3f350e3 elementor-widget elementor-widget-heading\" data-id=\"3f350e3\" data-element_type=\"widget\" data-e-type=\"widget\" data-widget_type=\"heading.default\">\n\t\t\t\t\t<h1 class=\"elementor-heading-title elementor-size-default\">WE WANT TO MEET YOU<\/h1>\t\t\t\t<\/div>\n\t\t\t\t<div class=\"elementor-element elementor-element-1355343 elementor-widget elementor-widget-text-editor\" data-id=\"1355343\" data-element_type=\"widget\" data-e-type=\"widget\" data-widget_type=\"text-editor.default\">\n\t\t\t\t\t\t\t\t\t<p>If you like taking care of details, working in a <strong>team<\/strong>, and being part of a restaurant with a Mediterranean soul, fresh produce, and a vocation for quality, <a href=\"https:\/\/canamarce.com\/en\/home\/\"><strong>Ca Na Marc\u00e8<\/strong><\/a> may be your place.<\/p><p>At Ca Na Marce, located in <strong>Puerto de Alcudia<\/strong>, we are looking for talented people who want to contribute to the team.<\/p><p>In addition, Ca Na Marc\u00e8 is part of Grupo Boulevard, a benchmark project in <strong>Mallorca<\/strong> that promotes unique gastronomic spaces.<\/p><p>Discover more about <strong>Grupo Boulevard.<\/strong><\/p>\t\t\t\t\t\t\t\t<\/div>\n\t\t\t\t\t<\/div>\n\t\t\t\t<\/div>\n\t\t<div class=\"elementor-element elementor-element-3267f2d9 e-flex e-con-boxed e-con e-parent\" data-id=\"3267f2d9\" data-element_type=\"container\" data-e-type=\"container\">\n\t\t\t\t\t<div class=\"e-con-inner\">\n\t\t\t\t<div class=\"elementor-element elementor-element-23d0f21 elementor-button-align-center elementor-widget elementor-widget-form\" data-id=\"23d0f21\" data-element_type=\"widget\" data-e-type=\"widget\" data-settings=\"{&quot;step_next_label&quot;:&quot;Next&quot;,&quot;step_previous_label&quot;:&quot;Previous&quot;,&quot;button_width&quot;:&quot;100&quot;,&quot;step_type&quot;:&quot;number_text&quot;,&quot;step_icon_shape&quot;:&quot;circle&quot;}\" data-widget_type=\"form.default\">\n\t\t\t\t\t\t\t<form class=\"elementor-form\" method=\"post\" name=\"New form\" aria-label=\"New form\">\n\t\t\t<input type=\"hidden\" name=\"post_id\" value=\"4599\"\/>\n\t\t\t<input type=\"hidden\" name=\"form_id\" value=\"23d0f21\"\/>\n\t\t\t<input type=\"hidden\" name=\"referer_title\" value=\"Ca Na Marc\u00e8\" \/>\n\n\t\t\t\n\t\t\t<div class=\"elementor-form-fields-wrapper elementor-labels-above\">\n\t\t\t\t\t\t\t\t<div class=\"elementor-field-type-text elementor-field-group elementor-column elementor-field-group-name elementor-col-50\">\n\t\t\t\t\t\t\t\t\t\t\t\t<label for=\"form-field-name\" class=\"elementor-field-label\">\n\t\t\t\t\t\t\t\tName\t\t\t\t\t\t\t<\/label>\n\t\t\t\t\t\t\t\t\t\t\t\t\t\t<input size=\"1\" type=\"text\" name=\"form_fields[name]\" id=\"form-field-name\" class=\"elementor-field elementor-size-sm  elementor-field-textual\" placeholder=\"Name\">\n\t\t\t\t\t\t\t\t\t\t\t<\/div>\n\t\t\t\t\t\t\t\t<div class=\"elementor-field-type-number elementor-field-group elementor-column elementor-field-group-message elementor-col-50 elementor-field-required\">\n\t\t\t\t\t\t\t\t\t\t\t\t<label for=\"form-field-message\" class=\"elementor-field-label\">\n\t\t\t\t\t\t\t\tPhone\t\t\t\t\t\t\t<\/label>\n\t\t\t\t\t\t\t\t\t<input type=\"number\" name=\"form_fields[message]\" id=\"form-field-message\" class=\"elementor-field elementor-size-sm  elementor-field-textual\" placeholder=\"Message\" required=\"required\" min=\"\" max=\"\" >\n\t\t\t\t\t\t<\/div>\n\t\t\t\t\t\t\t\t<div class=\"elementor-field-type-email elementor-field-group elementor-column elementor-field-group-email elementor-col-100 elementor-field-required\">\n\t\t\t\t\t\t\t\t\t\t\t\t<label for=\"form-field-email\" class=\"elementor-field-label\">\n\t\t\t\t\t\t\t\tEmail\t\t\t\t\t\t\t<\/label>\n\t\t\t\t\t\t\t\t\t\t\t\t\t\t<input size=\"1\" type=\"email\" name=\"form_fields[email]\" id=\"form-field-email\" class=\"elementor-field elementor-size-sm  elementor-field-textual\" placeholder=\"Email\" required=\"required\">\n\t\t\t\t\t\t\t\t\t\t\t<\/div>\n\t\t\t\t\t\t\t\t<div class=\"elementor-field-type-checkbox elementor-field-group elementor-column elementor-field-group-field_721e1a8 elementor-col-50\">\n\t\t\t\t\t\t\t\t\t\t\t\t<label for=\"form-field-field_721e1a8\" class=\"elementor-field-label\">\n\t\t\t\t\t\t\t\tWhat area are you interested in?\t\t\t\t\t\t\t<\/label>\n\t\t\t\t\t\t<div class=\"elementor-field-subgroup  \"><span class=\"elementor-field-option\"><input type=\"checkbox\" value=\"Kitchen\" id=\"form-field-field_721e1a8-0\" name=\"form_fields[field_721e1a8][]\"> <label for=\"form-field-field_721e1a8-0\">Kitchen<\/label><\/span><span class=\"elementor-field-option\"><input type=\"checkbox\" value=\"Dining Room\" id=\"form-field-field_721e1a8-1\" name=\"form_fields[field_721e1a8][]\"> <label for=\"form-field-field_721e1a8-1\">Dining Room<\/label><\/span><span class=\"elementor-field-option\"><input type=\"checkbox\" value=\"Other \" id=\"form-field-field_721e1a8-2\" name=\"form_fields[field_721e1a8][]\"> <label for=\"form-field-field_721e1a8-2\">Other <\/label><\/span><\/div>\t\t\t\t<\/div>\n\t\t\t\t\t\t\t\t<div class=\"elementor-field-type-upload elementor-field-group elementor-column elementor-field-group-field_4160835 elementor-col-100\">\n\t\t\t\t\t\t\t\t\t\t\t\t<label for=\"form-field-field_4160835\" class=\"elementor-field-label\">\n\t\t\t\t\t\t\t\tAttach your CV\t\t\t\t\t\t\t<\/label>\n\t\t\t\t\t\t\t\t<input type=\"file\" name=\"form_fields[field_4160835]\" id=\"form-field-field_4160835\" class=\"elementor-field elementor-size-sm  elementor-upload-field\" data-maxsize=\"5\" data-maxsize-message=\"This file exceeds the maximum allowed size.\">\n\n\t\t\t\t\t\t<\/div>\n\t\t\t\t\t\t\t\t<div class=\"elementor-field-group elementor-column elementor-field-type-submit elementor-col-100 e-form__buttons\">\n\t\t\t\t\t<button class=\"elementor-button elementor-size-sm\" type=\"submit\">\n\t\t\t\t\t\t<span class=\"elementor-button-content-wrapper\">\n\t\t\t\t\t\t\t\t\t\t\t\t\t\t\t\t\t\t\t\t\t\t<span class=\"elementor-button-text\">Send<\/span>\n\t\t\t\t\t\t\t\t\t\t\t\t\t<\/span>\n\t\t\t\t\t<\/button>\n\t\t\t\t<\/div>\n\t\t\t<\/div>\n\t\t<\/form>\n\t\t\t\t\t\t<\/div>\n\t\t\t\t\t<\/div>\n\t\t\t\t<\/div>\n\t\t<div class=\"elementor-element elementor-element-3149d09 e-flex e-con-boxed e-con e-parent\" data-id=\"3149d09\" data-element_type=\"container\" data-e-type=\"container\">\n\t\t\t\t\t<div class=\"e-con-inner\">\n\t\t<div class=\"elementor-element elementor-element-72ed5ab e-con-full e-flex e-con e-child\" data-id=\"72ed5ab\" data-element_type=\"container\" data-e-type=\"container\" data-settings=\"{&quot;background_background&quot;:&quot;classic&quot;}\">\n\t\t\t\t<div class=\"elementor-element elementor-element-353270e elementor-widget elementor-widget-heading\" data-id=\"353270e\" data-element_type=\"widget\" data-e-type=\"widget\" data-widget_type=\"heading.default\">\n\t\t\t\t\t<h2 class=\"elementor-heading-title elementor-size-default\">Ambassador of <br>Ca Na Marc\u00e8<\/h2>\t\t\t\t<\/div>\n\t\t\t\t<div class=\"elementor-element elementor-element-308bb0e elementor-widget elementor-widget-text-editor\" data-id=\"308bb0e\" data-element_type=\"widget\" data-e-type=\"widget\" data-widget_type=\"text-editor.default\">\n\t\t\t\t\t\t\t\t\t<p>Do you have a fresh, natural attitude and a touch of your own style? We are looking for talented people to transmit emotions and brand essence in front of the camera. If you are passionate about gastronomy, social media, and want to be the image of a project with soul, we are waiting for you!<\/p>\t\t\t\t\t\t\t\t<\/div>\n\t\t\t\t<div class=\"elementor-element elementor-element-22aae24 elementor-align-center elementor-widget elementor-widget-button\" data-id=\"22aae24\" data-element_type=\"widget\" data-e-type=\"widget\" data-widget_type=\"button.default\">\n\t\t\t\t\t\t\t\t\t\t<a class=\"elementor-button elementor-button-link elementor-size-sm\" href=\"https:\/\/grupoboulevard.com\/corp\/jobs-boulevard\/modelo-freelance-grupo-boulevard\/\">\n\t\t\t\t\t\t<span class=\"elementor-button-content-wrapper\">\n\t\t\t\t\t\t\t\t\t<span class=\"elementor-button-text\">MORE INFORMATION<\/span>\n\t\t\t\t\t<\/span>\n\t\t\t\t\t<\/a>\n\t\t\t\t\t\t\t\t<\/div>\n\t\t\t\t<\/div>\n\t\t<div class=\"elementor-element elementor-element-1a35f01 e-con-full e-flex e-con e-child\" data-id=\"1a35f01\" data-element_type=\"container\" data-e-type=\"container\">\n\t\t\t\t<div class=\"elementor-element elementor-element-e1c86f6 elementor-widget elementor-widget-image\" data-id=\"e1c86f6\" data-element_type=\"widget\" data-e-type=\"widget\" data-widget_type=\"image.default\">\n\t\t\t\t\t\t\t\t\t\t\t\t\t\t\t<img fetchpriority=\"high\" decoding=\"async\" width=\"1625\" height=\"1188\" src=\"https:\/\/canamarce.com\/wp-content\/uploads\/2025\/08\/embajadores-bloque-trabaja-con-nosotros.webp\" class=\"attachment-full size-full wp-image-4518\" alt=\"Equipo de Ca Na Marc\u00e8 en Alc\u00fadia, embajadores de la experiencia del restaurante\" srcset=\"https:\/\/canamarce.com\/wp-content\/uploads\/2025\/08\/embajadores-bloque-trabaja-con-nosotros.webp 1625w, https:\/\/canamarce.com\/wp-content\/uploads\/2025\/08\/embajadores-bloque-trabaja-con-nosotros-1024x749.webp 1024w, https:\/\/canamarce.com\/wp-content\/uploads\/2025\/08\/embajadores-bloque-trabaja-con-nosotros-768x561.webp 768w, https:\/\/canamarce.com\/wp-content\/uploads\/2025\/08\/embajadores-bloque-trabaja-con-nosotros-1536x1123.webp 1536w\" sizes=\"(max-width: 1625px) 100vw, 1625px\" \/>\t\t\t\t\t\t\t\t\t\t\t\t\t\t\t<\/div>\n\t\t\t\t<\/div>\n\t\t\t\t\t<\/div>\n\t\t\t\t<\/div>\n\t\t\t\t<\/div>\n\t\t","protected":false},"excerpt":{"rendered":"<p>WE WANT TO MEET YOU If you like taking care of details, working in a team, and being part of a restaurant with a Mediterranean soul, fresh produce, and a vocation for quality, Ca Na Marc\u00e8 may be your place. At Ca Na Marce, located in Puerto de Alcudia, we are looking for talented people [&hellip;]<\/p>\n","protected":false},"author":1,"featured_media":0,"parent":0,"menu_order":0,"comment_status":"closed","ping_status":"closed","template":"","meta":{"footnotes":""},"class_list":["post-4599","page","type-page","status-publish","hentry"],"yoast_head":"<!-- This site is optimized with the Yoast SEO plugin v27.4 - https:\/\/yoast.com\/product\/yoast-seo-wordpress\/ -->\n<title>Join our team | Careers at Ca Na Marc\u00e8 Restaurant in Alc\u00fadia<\/title>\n<meta name=\"description\" content=\"We are looking for talent in hospitality. At Ca Na Marc\u00e8, Alc\u00fadia, we offer career opportunities in the kitchen and front of house. Apply now.\" \/>\n<meta name=\"robots\" content=\"index, follow, max-snippet:-1, max-image-preview:large, max-video-preview:-1\" \/>\n<link rel=\"canonical\" href=\"https:\/\/canamarce.com\/en\/work-with-us\/\" \/>\n<meta property=\"og:locale\" content=\"en_US\" \/>\n<meta property=\"og:type\" content=\"article\" \/>\n<meta property=\"og:title\" content=\"Join our team | Careers at Ca Na Marc\u00e8 Restaurant in Alc\u00fadia\" \/>\n<meta property=\"og:description\" content=\"We are looking for talent in hospitality. At Ca Na Marc\u00e8, Alc\u00fadia, we offer career opportunities in the kitchen and front of house. Apply now.\" \/>\n<meta property=\"og:url\" content=\"https:\/\/canamarce.com\/en\/work-with-us\/\" \/>\n<meta property=\"og:site_name\" content=\"Ca Na Marc\u00e8\" \/>\n<meta property=\"article:publisher\" content=\"https:\/\/www.facebook.com\/Ca-Na-Marc-105150035846166\" \/>\n<meta property=\"article:modified_time\" content=\"2025-08-21T12:45:08+00:00\" \/>\n<meta property=\"og:image\" content=\"https:\/\/canamarce.com\/wp-content\/uploads\/2025\/08\/embajadores-bloque-trabaja-con-nosotros.webp\" \/>\n\t<meta property=\"og:image:width\" content=\"1625\" \/>\n\t<meta property=\"og:image:height\" content=\"1188\" \/>\n\t<meta property=\"og:image:type\" content=\"image\/webp\" \/>\n<meta name=\"twitter:card\" content=\"summary_large_image\" \/>\n<meta name=\"twitter:label1\" content=\"Est. reading time\" \/>\n\t<meta name=\"twitter:data1\" content=\"1 minute\" \/>\n<script type=\"application\/ld+json\" class=\"yoast-schema-graph\">{\"@context\":\"https:\\\/\\\/schema.org\",\"@graph\":[{\"@type\":\"WebPage\",\"@id\":\"https:\\\/\\\/canamarce.com\\\/en\\\/work-with-us\\\/\",\"url\":\"https:\\\/\\\/canamarce.com\\\/en\\\/work-with-us\\\/\",\"name\":\"Join our team | Careers at Ca Na Marc\u00e8 Restaurant in Alc\u00fadia\",\"isPartOf\":{\"@id\":\"https:\\\/\\\/canamarce.com\\\/en\\\/#website\"},\"primaryImageOfPage\":{\"@id\":\"https:\\\/\\\/canamarce.com\\\/en\\\/work-with-us\\\/#primaryimage\"},\"image\":{\"@id\":\"https:\\\/\\\/canamarce.com\\\/en\\\/work-with-us\\\/#primaryimage\"},\"thumbnailUrl\":\"https:\\\/\\\/canamarce.com\\\/wp-content\\\/uploads\\\/2025\\\/08\\\/embajadores-bloque-trabaja-con-nosotros.webp\",\"datePublished\":\"2025-08-04T14:23:11+00:00\",\"dateModified\":\"2025-08-21T12:45:08+00:00\",\"description\":\"We are looking for talent in hospitality. At Ca Na Marc\u00e8, Alc\u00fadia, we offer career opportunities in the kitchen and front of house. Apply now.\",\"breadcrumb\":{\"@id\":\"https:\\\/\\\/canamarce.com\\\/en\\\/work-with-us\\\/#breadcrumb\"},\"inLanguage\":\"en-US\",\"potentialAction\":[{\"@type\":\"ReadAction\",\"target\":[\"https:\\\/\\\/canamarce.com\\\/en\\\/work-with-us\\\/\"]}]},{\"@type\":\"ImageObject\",\"inLanguage\":\"en-US\",\"@id\":\"https:\\\/\\\/canamarce.com\\\/en\\\/work-with-us\\\/#primaryimage\",\"url\":\"https:\\\/\\\/canamarce.com\\\/wp-content\\\/uploads\\\/2025\\\/08\\\/embajadores-bloque-trabaja-con-nosotros.webp\",\"contentUrl\":\"https:\\\/\\\/canamarce.com\\\/wp-content\\\/uploads\\\/2025\\\/08\\\/embajadores-bloque-trabaja-con-nosotros.webp\"},{\"@type\":\"BreadcrumbList\",\"@id\":\"https:\\\/\\\/canamarce.com\\\/en\\\/work-with-us\\\/#breadcrumb\",\"itemListElement\":[{\"@type\":\"ListItem\",\"position\":1,\"name\":\"Portada\",\"item\":\"https:\\\/\\\/canamarce.com\\\/en\\\/\"},{\"@type\":\"ListItem\",\"position\":2,\"name\":\"Work with Us\"}]},{\"@type\":\"WebSite\",\"@id\":\"https:\\\/\\\/canamarce.com\\\/en\\\/#website\",\"url\":\"https:\\\/\\\/canamarce.com\\\/en\\\/\",\"name\":\"Ca Na Marc\u00e8\",\"description\":\"\",\"publisher\":{\"@id\":\"https:\\\/\\\/canamarce.com\\\/en\\\/#organization\"},\"potentialAction\":[{\"@type\":\"SearchAction\",\"target\":{\"@type\":\"EntryPoint\",\"urlTemplate\":\"https:\\\/\\\/canamarce.com\\\/en\\\/?s={search_term_string}\"},\"query-input\":{\"@type\":\"PropertyValueSpecification\",\"valueRequired\":true,\"valueName\":\"search_term_string\"}}],\"inLanguage\":\"en-US\"},{\"@type\":\"Organization\",\"@id\":\"https:\\\/\\\/canamarce.com\\\/en\\\/#organization\",\"name\":\"Ca Na Marc\u00e8\",\"url\":\"https:\\\/\\\/canamarce.com\\\/en\\\/\",\"logo\":{\"@type\":\"ImageObject\",\"inLanguage\":\"en-US\",\"@id\":\"https:\\\/\\\/canamarce.com\\\/en\\\/#\\\/schema\\\/logo\\\/image\\\/\",\"url\":\"https:\\\/\\\/canamarce.com\\\/wp-content\\\/uploads\\\/2023\\\/02\\\/CANAMARCE-SEPARADORES-TOLDOS.png\",\"contentUrl\":\"https:\\\/\\\/canamarce.com\\\/wp-content\\\/uploads\\\/2023\\\/02\\\/CANAMARCE-SEPARADORES-TOLDOS.png\",\"width\":2947,\"height\":1155,\"caption\":\"Ca Na Marc\u00e8\"},\"image\":{\"@id\":\"https:\\\/\\\/canamarce.com\\\/en\\\/#\\\/schema\\\/logo\\\/image\\\/\"},\"sameAs\":[\"https:\\\/\\\/www.facebook.com\\\/Ca-Na-Marc-105150035846166\",\"https:\\\/\\\/www.instagram.com\\\/cana_marce\\\/\"]}]}<\/script>\n<!-- \/ Yoast SEO plugin. -->","yoast_head_json":{"title":"Join our team | Careers at Ca Na Marc\u00e8 Restaurant in Alc\u00fadia","description":"We are looking for talent in hospitality. At Ca Na Marc\u00e8, Alc\u00fadia, we offer career opportunities in the kitchen and front of house. Apply now.","robots":{"index":"index","follow":"follow","max-snippet":"max-snippet:-1","max-image-preview":"max-image-preview:large","max-video-preview":"max-video-preview:-1"},"canonical":"https:\/\/canamarce.com\/en\/work-with-us\/","og_locale":"en_US","og_type":"article","og_title":"Join our team | Careers at Ca Na Marc\u00e8 Restaurant in Alc\u00fadia","og_description":"We are looking for talent in hospitality. At Ca Na Marc\u00e8, Alc\u00fadia, we offer career opportunities in the kitchen and front of house. Apply now.","og_url":"https:\/\/canamarce.com\/en\/work-with-us\/","og_site_name":"Ca Na Marc\u00e8","article_publisher":"https:\/\/www.facebook.com\/Ca-Na-Marc-105150035846166","article_modified_time":"2025-08-21T12:45:08+00:00","og_image":[{"width":1625,"height":1188,"url":"https:\/\/canamarce.com\/wp-content\/uploads\/2025\/08\/embajadores-bloque-trabaja-con-nosotros.webp","type":"image\/webp"}],"twitter_card":"summary_large_image","twitter_misc":{"Est. reading time":"1 minute"},"schema":{"@context":"https:\/\/schema.org","@graph":[{"@type":"WebPage","@id":"https:\/\/canamarce.com\/en\/work-with-us\/","url":"https:\/\/canamarce.com\/en\/work-with-us\/","name":"Join our team | Careers at Ca Na Marc\u00e8 Restaurant in Alc\u00fadia","isPartOf":{"@id":"https:\/\/canamarce.com\/en\/#website"},"primaryImageOfPage":{"@id":"https:\/\/canamarce.com\/en\/work-with-us\/#primaryimage"},"image":{"@id":"https:\/\/canamarce.com\/en\/work-with-us\/#primaryimage"},"thumbnailUrl":"https:\/\/canamarce.com\/wp-content\/uploads\/2025\/08\/embajadores-bloque-trabaja-con-nosotros.webp","datePublished":"2025-08-04T14:23:11+00:00","dateModified":"2025-08-21T12:45:08+00:00","description":"We are looking for talent in hospitality. At Ca Na Marc\u00e8, Alc\u00fadia, we offer career opportunities in the kitchen and front of house. Apply now.","breadcrumb":{"@id":"https:\/\/canamarce.com\/en\/work-with-us\/#breadcrumb"},"inLanguage":"en-US","potentialAction":[{"@type":"ReadAction","target":["https:\/\/canamarce.com\/en\/work-with-us\/"]}]},{"@type":"ImageObject","inLanguage":"en-US","@id":"https:\/\/canamarce.com\/en\/work-with-us\/#primaryimage","url":"https:\/\/canamarce.com\/wp-content\/uploads\/2025\/08\/embajadores-bloque-trabaja-con-nosotros.webp","contentUrl":"https:\/\/canamarce.com\/wp-content\/uploads\/2025\/08\/embajadores-bloque-trabaja-con-nosotros.webp"},{"@type":"BreadcrumbList","@id":"https:\/\/canamarce.com\/en\/work-with-us\/#breadcrumb","itemListElement":[{"@type":"ListItem","position":1,"name":"Portada","item":"https:\/\/canamarce.com\/en\/"},{"@type":"ListItem","position":2,"name":"Work with Us"}]},{"@type":"WebSite","@id":"https:\/\/canamarce.com\/en\/#website","url":"https:\/\/canamarce.com\/en\/","name":"Ca Na Marc\u00e8","description":"","publisher":{"@id":"https:\/\/canamarce.com\/en\/#organization"},"potentialAction":[{"@type":"SearchAction","target":{"@type":"EntryPoint","urlTemplate":"https:\/\/canamarce.com\/en\/?s={search_term_string}"},"query-input":{"@type":"PropertyValueSpecification","valueRequired":true,"valueName":"search_term_string"}}],"inLanguage":"en-US"},{"@type":"Organization","@id":"https:\/\/canamarce.com\/en\/#organization","name":"Ca Na Marc\u00e8","url":"https:\/\/canamarce.com\/en\/","logo":{"@type":"ImageObject","inLanguage":"en-US","@id":"https:\/\/canamarce.com\/en\/#\/schema\/logo\/image\/","url":"https:\/\/canamarce.com\/wp-content\/uploads\/2023\/02\/CANAMARCE-SEPARADORES-TOLDOS.png","contentUrl":"https:\/\/canamarce.com\/wp-content\/uploads\/2023\/02\/CANAMARCE-SEPARADORES-TOLDOS.png","width":2947,"height":1155,"caption":"Ca Na Marc\u00e8"},"image":{"@id":"https:\/\/canamarce.com\/en\/#\/schema\/logo\/image\/"},"sameAs":["https:\/\/www.facebook.com\/Ca-Na-Marc-105150035846166","https:\/\/www.instagram.com\/cana_marce\/"]}]}},"_links":{"self":[{"href":"https:\/\/canamarce.com\/en\/wp-json\/wp\/v2\/pages\/4599","targetHints":{"allow":["GET"]}}],"collection":[{"href":"https:\/\/canamarce.com\/en\/wp-json\/wp\/v2\/pages"}],"about":[{"href":"https:\/\/canamarce.com\/en\/wp-json\/wp\/v2\/types\/page"}],"author":[{"embeddable":true,"href":"https:\/\/canamarce.com\/en\/wp-json\/wp\/v2\/users\/1"}],"replies":[{"embeddable":true,"href":"https:\/\/canamarce.com\/en\/wp-json\/wp\/v2\/comments?post=4599"}],"version-history":[{"count":2,"href":"https:\/\/canamarce.com\/en\/wp-json\/wp\/v2\/pages\/4599\/revisions"}],"predecessor-version":[{"id":4832,"href":"https:\/\/canamarce.com\/en\/wp-json\/wp\/v2\/pages\/4599\/revisions\/4832"}],"wp:attachment":[{"href":"https:\/\/canamarce.com\/en\/wp-json\/wp\/v2\/media?parent=4599"}],"curies":[{"name":"wp","href":"https:\/\/api.w.org\/{rel}","templated":true}]}}